{"id":9752,"date":"2026-04-13T19:20:16","date_gmt":"2026-04-13T19:20:16","guid":{"rendered":"https:\/\/shop.quicklearning.academy\/?post_type=product&#038;p=9752"},"modified":"2026-04-13T19:33:36","modified_gmt":"2026-04-13T19:33:36","slug":"curl-conditioner-capelli-ricci-250-ml","status":"publish","type":"product","link":"https:\/\/shop.quicklearning.academy\/en\/product\/prodotti-di-consumo\/fp\/curl-conditioner-capelli-ricci-250-ml\/","title":{"rendered":"CURL CONDITIONER &#8211; CAPELLI RICCI 250 ML"},"content":{"rendered":"<p>Conditioner per capelli ricci che definisce, idrata e protegge i capelli, donando un aspetto sano, luminoso e morbido al tatto.<\/p>\n<p>La superficie dei capelli diventa pi\u00f9 liscia ostacolando la formazione dei nodi e permettendo una maggiore pettinabilit\u00e0.<\/p>\n<p>Infine il conditioner crea uno strato protettivo sul capello che lo rende pi\u00f9 resistente ai fattori nocivi dell&#8217;ambiente<\/p>\n<p>&nbsp;<\/p>\n<p>Controlla l&#8217;umidit\u00e0, elimina il crespo, lasciando i capelli morbidi e i ricci ben definiti.<\/p>\n<h3>INGREDIENTS:<\/h3>\n<ul>\n<li>Aloe Vera, rinfresca e purifica in profondit\u00e0<\/li>\n<li>Cheratina, leviga e idrata i capelli danneggiati, eliminando cos\u00ec l&#8217;effetto crespo legato all&#8217;asciugatura, donando un aspetto sano e lucente.<\/li>\n<li>Pantenolo, lenitivo ed emolliente aiuta la normale rigenerazione cellulare di pelle e capelli donando morbidezza e idratazione.<\/li>\n<\/ul>\n<h3>METHOD OF USE:<\/h3>\n<p>Applicare il prodotto sui capelli bagnati massaggiandoli, aspettare qualche minuto prima di risciacquare per permettere al prodotto di penetrare nella cuticola.<\/p>\n<p>Tamponare i capelli con un asciugamano in modo tale da togliere gli eccessi dell&#8217;acqua e procedere con l&#8217;asciugatura.<\/p>","protected":false},"excerpt":{"rendered":"<p>Conditioner per capelli ricci che definisce, idrata e protegge i capelli, donando un aspetto sano, luminoso e morbido al tatto. La superficie dei capelli diventa pi\u00f9 liscia ostacolando la formazione dei nodi e permettendo una maggiore pettinabilit\u00e0. Infine il conditioner crea uno strato protettivo sul capello che lo rende pi\u00f9 resistente ai fattori nocivi dell&#8217;ambiente [&hellip;]<\/p>\n","protected":false},"featured_media":9746,"comment_status":"open","ping_status":"closed","template":"","meta":[],"product_brand":[],"product_cat":[294],"product_tag":[],"class_list":{"0":"post-9752","1":"product","2":"type-product","3":"status-publish","4":"has-post-thumbnail","6":"product_cat-fp","8":"first","9":"instock","10":"shipping-taxable","11":"purchasable","12":"product-type-simple"},"_links":{"self":[{"href":"https:\/\/shop.quicklearning.academy\/en\/wp-json\/wp\/v2\/product\/9752","targetHints":{"allow":["GET"]}}],"collection":[{"href":"https:\/\/shop.quicklearning.academy\/en\/wp-json\/wp\/v2\/product"}],"about":[{"href":"https:\/\/shop.quicklearning.academy\/en\/wp-json\/wp\/v2\/types\/product"}],"replies":[{"embeddable":true,"href":"https:\/\/shop.quicklearning.academy\/en\/wp-json\/wp\/v2\/comments?post=9752"}],"wp:featuredmedia":[{"embeddable":true,"href":"https:\/\/shop.quicklearning.academy\/en\/wp-json\/wp\/v2\/media\/9746"}],"wp:attachment":[{"href":"https:\/\/shop.quicklearning.academy\/en\/wp-json\/wp\/v2\/media?parent=9752"}],"wp:term":[{"taxonomy":"product_brand","embeddable":true,"href":"https:\/\/shop.quicklearning.academy\/en\/wp-json\/wp\/v2\/product_brand?post=9752"},{"taxonomy":"product_cat","embeddable":true,"href":"https:\/\/shop.quicklearning.academy\/en\/wp-json\/wp\/v2\/product_cat?post=9752"},{"taxonomy":"product_tag","embeddable":true,"href":"https:\/\/shop.quicklearning.academy\/en\/wp-json\/wp\/v2\/product_tag?post=9752"}],"curies":[{"name":"wp","href":"https:\/\/api.w.org\/{rel}","templated":true}]}}