{"id":9662,"date":"2026-02-03T08:22:07","date_gmt":"2026-02-03T08:22:07","guid":{"rendered":"https:\/\/shop.quicklearning.academy\/?post_type=product&#038;p=9662"},"modified":"2026-02-03T09:57:50","modified_gmt":"2026-02-03T09:57:50","slug":"oxy-2","status":"publish","type":"product","link":"https:\/\/shop.quicklearning.academy\/en\/product\/prodotti-di-consumo\/fp\/oxy-2\/","title":{"rendered":"OXY 2 MOUSSE 150 ML"},"content":{"rendered":"<p>\ud835\udde2\ud835\ude05\ud835\ude06 \ud835\udfee \ud835\udde0\ud835\uddfc\ud835\ude02\ud835\ude00\ud835\ude00\ud835\uddf2 \ud835\udde5\ud835\uddf2\ud835\uddf0\ud835\uddfc\ud835\ude03\ud835\uddf2\ud835\uddff\ud835\ude06 \ud835\udde0\ud835\uddee\ud835\ude00\ud835\ude00\ud835\uddee\ud835\uddf4\ud835\uddf2<br \/>\nTrattamento Professionale per la Salute del Capello<br \/>\nLa Oxy 2 Mousse Recovery Massage della linea Raimond Professional Care \u00e8 un trattamento specifico studiato per agire in profondit\u00e0 sul cuoio capelluto, combinando un&#8217;azione purificante a una rinvigorente. \u00c8 la soluzione ideale per chi cerca un prodotto multifunzionale che si prenda cura della vitalit\u00e0 della chioma partendo dalla radice.<\/p>\n<p>\ud835\uddd5\ud835\uddf2\ud835\uddfb\ud835\uddf2\ud835\uddf3\ud835\uddf6\ud835\uddf0\ud835\uddf6 \ud835\udde3\ud835\uddff\ud835\uddf6\ud835\uddfb\ud835\uddf0\ud835\uddf6\ud835\uddfd\ud835\uddee\ud835\uddf9\ud835\uddf6<br \/>\n* \ud835\uddd4\ud835\ude07\ud835\uddf6\ud835\uddfc\ud835\uddfb\ud835\uddf2 \ud835\uddd4\ud835\uddfb\ud835\ude01\ud835\uddf6-\ud835\uddd6\ud835\uddee\ud835\uddf1\ud835\ude02\ud835\ude01\ud835\uddee: Contrasta la perdita dei capelli favorendo e supportando il loro normale ciclo di crescita.<br \/>\n* \ud835\uddd8\ud835\uddf3\ud835\uddf3\ud835\uddf2\ud835\ude01\ud835\ude01\ud835\uddfc \ud835\udde2\ud835\ude00\ud835\ude00\ud835\uddf6\ud835\uddf4\ud835\uddf2\ud835\uddfb\ud835\uddee\ud835\uddfb\ud835\ude01\ud835\uddf2 \ud835\uddf2\ud835\uddf1 \ud835\uddd8\ud835\uddfb\ud835\uddf2\ud835\uddff\ud835\uddf4\ud835\uddf6\ud835\ude07\ud835\ude07\ud835\uddee\ud835\uddfb\ud835\ude01\ud835\uddf2: Grazie alla sua formulazione, stimola la microcircolazione del cuoio capelluto, permettendo ai follicoli di ricevere pi\u00f9 ossigeno.<br \/>\n* \ud835\uddd6\ud835\uddfc\ud835\uddfb\ud835\ude01\ud835\uddff\ud835\uddfc\ud835\uddf9\ud835\uddf9\ud835\uddfc \ud835\uddf1\ud835\uddf2\ud835\uddf9 \ud835\udde6\ud835\uddf2\ud835\uddef\ud835\uddfc (\ud835\uddd4\ud835\uddfb\ud835\ude01\ud835\uddf6-\ud835\uddda\ud835\uddff\ud835\uddee\ud835\ude00\ud835\ude00\ud835\uddfc) Regola l&#8217;attivit\u00e0 delle ghiandole sebacee, combattendo efficacemente l&#8217;eccesso di grasso che pu\u00f2 appesantire i capelli.<br \/>\n* \ud835\udde1\ud835\ude02\ud835\ude01\ud835\uddff\ud835\uddf6\ud835\ude07\ud835\uddf6\ud835\uddfc\ud835\uddfb\ud835\uddf2 \ud835\uddd8\ud835\ude00\ud835\ude00\ud835\uddf2\ud835\uddfb\ud835\ude07\ud835\uddf6\ud835\uddee\ud835\uddf9\ud835\uddf2: Apporta le sostanze nutritive indispensabili per una crescita sana, forte e vigorosa del capello.<\/p>\n<p>\ud835\udde3\ud835\uddf2\ud835\uddff\ud835\uddf0\ud835\uddf5\ud835\uddf2\u0301 \ud835\udde6\ud835\uddf0\ud835\uddf2\ud835\uddf4\ud835\uddf9\ud835\uddf6\ud835\uddf2\ud835\uddff\ud835\uddf9\ud835\uddfc<br \/>\nQuesto prodotto non si limita a detergere, ma agisce come un vero e proprio trattamento di recupero. La consistenza in mousse permette una distribuzione uniforme e facilita il massaggio cutaneo (come suggerito dal nome &#8220;Recovery Massage&#8221;), massimizzando l&#8217;assorbimento dei principi attivi e regalando un momento di benessere professionale.<br \/>\nNota: \u00c8 particolarmente indicato per chi soffre di cute grassa associata a un indebolimento del fusto o a una caduta stagionale.<\/p>","protected":false},"excerpt":{"rendered":"<p>\ud835\udde2\ud835\ude05\ud835\ude06 \ud835\udfee \ud835\udde0\ud835\uddfc\ud835\ude02\ud835\ude00\ud835\ude00\ud835\uddf2 \ud835\udde5\ud835\uddf2\ud835\uddf0\ud835\uddfc\ud835\ude03\ud835\uddf2\ud835\uddff\ud835\ude06 \ud835\udde0\ud835\uddee\ud835\ude00\ud835\ude00\ud835\uddee\ud835\uddf4\ud835\uddf2 Trattamento Professionale per la Salute del Capello La Oxy 2 Mousse Recovery Massage della linea Raimond Professional Care \u00e8 un trattamento specifico studiato per agire in profondit\u00e0 sul cuoio capelluto, combinando un&#8217;azione purificante a una rinvigorente. \u00c8 la soluzione ideale per chi cerca un prodotto multifunzionale che si prenda cura [&hellip;]<\/p>\n","protected":false},"featured_media":9661,"comment_status":"open","ping_status":"closed","template":"","meta":[],"product_brand":[],"product_cat":[294],"product_tag":[],"class_list":{"0":"post-9662","1":"product","2":"type-product","3":"status-publish","4":"has-post-thumbnail","6":"product_cat-fp","8":"first","9":"instock","10":"shipping-taxable","11":"purchasable","12":"product-type-simple"},"_links":{"self":[{"href":"https:\/\/shop.quicklearning.academy\/en\/wp-json\/wp\/v2\/product\/9662","targetHints":{"allow":["GET"]}}],"collection":[{"href":"https:\/\/shop.quicklearning.academy\/en\/wp-json\/wp\/v2\/product"}],"about":[{"href":"https:\/\/shop.quicklearning.academy\/en\/wp-json\/wp\/v2\/types\/product"}],"replies":[{"embeddable":true,"href":"https:\/\/shop.quicklearning.academy\/en\/wp-json\/wp\/v2\/comments?post=9662"}],"wp:featuredmedia":[{"embeddable":true,"href":"https:\/\/shop.quicklearning.academy\/en\/wp-json\/wp\/v2\/media\/9661"}],"wp:attachment":[{"href":"https:\/\/shop.quicklearning.academy\/en\/wp-json\/wp\/v2\/media?parent=9662"}],"wp:term":[{"taxonomy":"product_brand","embeddable":true,"href":"https:\/\/shop.quicklearning.academy\/en\/wp-json\/wp\/v2\/product_brand?post=9662"},{"taxonomy":"product_cat","embeddable":true,"href":"https:\/\/shop.quicklearning.academy\/en\/wp-json\/wp\/v2\/product_cat?post=9662"},{"taxonomy":"product_tag","embeddable":true,"href":"https:\/\/shop.quicklearning.academy\/en\/wp-json\/wp\/v2\/product_tag?post=9662"}],"curies":[{"name":"wp","href":"https:\/\/api.w.org\/{rel}","templated":true}]}}