{"id":5335,"date":"2025-12-20T16:12:03","date_gmt":"2025-12-20T16:12:03","guid":{"rendered":"https:\/\/shop.quicklearning.academy\/?post_type=product&#038;p=5335"},"modified":"2026-01-11T15:35:54","modified_gmt":"2026-01-11T15:35:54","slug":"burro-crema-200-ml","status":"publish","type":"product","link":"https:\/\/shop.quicklearning.academy\/en\/product\/prodotti-di-consumo\/nu-ma\/burro-crema-200-ml\/","title":{"rendered":"BURRO CREMA 200 ML"},"content":{"rendered":"<p>Morbidissima crema naturale, a base di burro di karit\u00e9, che nutre intensa-mente l\u2019epidermide donando una sensazione di vero benessere. Le peculiarit\u00e0 del burro di karit\u00e9 tra cui primeggiano le funzioni protettive, restitutive, nutrienti, ed antiossidanti in sinergia con le propriet\u00e0 uniche dei preziosi oli di Mandorle e Rosa promuovono la fisiologica elasticit\u00e0 epidermica contrastando in modo efficace inestetismi dovuti a perdita di tono e idratazione.<\/p>\n<h3>MODO D\u2019USO<\/h3>\n<p>Applicare un\u2019adeguata quantit\u00e0 di prodotto sulle zone interessate e massaggiare dolcemente sino a completo assorbimento.<\/p>\n<p>I nostri prodotti sono:<\/p>\n<ul>\n<li>Senza Parabeni<\/li>\n<li>Senza Allergeni<\/li>\n<li>Senza Coloranti Artificiali<\/li>\n<li>Senza Oli Minerali<\/li>\n<li>Senza SLS<\/li>\n<li>Challenge Test<\/li>\n<li>Microbiologicamente Testati<\/li>\n<li>Certificati con metodo di fabbricazione GMP<\/li>\n<\/ul>","protected":false},"excerpt":{"rendered":"<p>con Burro di Karit\u00e8, olio di Mandorle e olio di Rosa<\/p>","protected":false},"featured_media":5267,"comment_status":"open","ping_status":"closed","template":"","meta":[],"product_brand":[],"product_cat":[296],"product_tag":[],"class_list":{"0":"post-5335","1":"product","2":"type-product","3":"status-publish","4":"has-post-thumbnail","6":"product_cat-nu-ma","8":"first","9":"instock","10":"shipping-taxable","11":"purchasable","12":"product-type-simple"},"_links":{"self":[{"href":"https:\/\/shop.quicklearning.academy\/en\/wp-json\/wp\/v2\/product\/5335","targetHints":{"allow":["GET"]}}],"collection":[{"href":"https:\/\/shop.quicklearning.academy\/en\/wp-json\/wp\/v2\/product"}],"about":[{"href":"https:\/\/shop.quicklearning.academy\/en\/wp-json\/wp\/v2\/types\/product"}],"replies":[{"embeddable":true,"href":"https:\/\/shop.quicklearning.academy\/en\/wp-json\/wp\/v2\/comments?post=5335"}],"wp:featuredmedia":[{"embeddable":true,"href":"https:\/\/shop.quicklearning.academy\/en\/wp-json\/wp\/v2\/media\/5267"}],"wp:attachment":[{"href":"https:\/\/shop.quicklearning.academy\/en\/wp-json\/wp\/v2\/media?parent=5335"}],"wp:term":[{"taxonomy":"product_brand","embeddable":true,"href":"https:\/\/shop.quicklearning.academy\/en\/wp-json\/wp\/v2\/product_brand?post=5335"},{"taxonomy":"product_cat","embeddable":true,"href":"https:\/\/shop.quicklearning.academy\/en\/wp-json\/wp\/v2\/product_cat?post=5335"},{"taxonomy":"product_tag","embeddable":true,"href":"https:\/\/shop.quicklearning.academy\/en\/wp-json\/wp\/v2\/product_tag?post=5335"}],"curies":[{"name":"wp","href":"https:\/\/api.w.org\/{rel}","templated":true}]}}